{"id":11746,"date":"2018-09-06T04:31:10","date_gmt":"2018-09-06T08:31:10","guid":{"rendered":"https:\/\/rvc.machinedev.ca\/event-info\/key-dates-deadlines\/"},"modified":"2026-04-22T09:27:04","modified_gmt":"2026-04-22T13:27:04","slug":"key-dates-deadlines","status":"publish","type":"page","link":"https:\/\/rendezvouscanada.ca\/fr\/key-dates-deadlines\/","title":{"rendered":"Dates cl\u00e9s et \u00e9ch\u00e9ances"},"content":{"rendered":"","protected":false},"excerpt":{"rendered":"","protected":false},"author":21,"featured_media":22837,"parent":0,"menu_order":2,"comment_status":"closed","ping_status":"closed","template":"template-quilt-no-banner.php","meta":{"_acf_changed":false,"_exactmetrics_skip_tracking":false,"_exactmetrics_sitenote_active":false,"_exactmetrics_sitenote_note":"","_exactmetrics_sitenote_category":0,"footnotes":""},"class_list":["post-11746","page","type-page","status-publish","has-post-thumbnail","hentry"],"acf":[],"_links":{"self":[{"href":"https:\/\/rendezvouscanada.ca\/fr\/wp-json\/wp\/v2\/pages\/11746","targetHints":{"allow":["GET"]}}],"collection":[{"href":"https:\/\/rendezvouscanada.ca\/fr\/wp-json\/wp\/v2\/pages"}],"about":[{"href":"https:\/\/rendezvouscanada.ca\/fr\/wp-json\/wp\/v2\/types\/page"}],"author":[{"embeddable":true,"href":"https:\/\/rendezvouscanada.ca\/fr\/wp-json\/wp\/v2\/users\/21"}],"replies":[{"embeddable":true,"href":"https:\/\/rendezvouscanada.ca\/fr\/wp-json\/wp\/v2\/comments?post=11746"}],"version-history":[{"count":0,"href":"https:\/\/rendezvouscanada.ca\/fr\/wp-json\/wp\/v2\/pages\/11746\/revisions"}],"wp:featuredmedia":[{"embeddable":true,"href":"https:\/\/rendezvouscanada.ca\/fr\/wp-json\/wp\/v2\/media\/22837"}],"wp:attachment":[{"href":"https:\/\/rendezvouscanada.ca\/fr\/wp-json\/wp\/v2\/media?parent=11746"}],"curies":[{"name":"wp","href":"https:\/\/api.w.org\/{rel}","templated":true}]}}