{"id":11711,"date":"2018-09-05T21:47:51","date_gmt":"2018-09-06T01:47:51","guid":{"rendered":"https:\/\/rvc.machinedev.ca\/event-info\/event-schedule\/"},"modified":"2026-01-22T13:07:43","modified_gmt":"2026-01-22T18:07:43","slug":"event-schedule","status":"publish","type":"page","link":"https:\/\/rendezvouscanada.ca\/fr\/event-schedule\/","title":{"rendered":"Programme de l\u2019\u00e9v\u00e9nement <br>(\u00e0 l\u2019heure avanc\u00e9e de l\u2019Est)"},"content":{"rendered":"","protected":false},"excerpt":{"rendered":"","protected":false},"author":21,"featured_media":22895,"parent":0,"menu_order":1,"comment_status":"closed","ping_status":"closed","template":"template-event-schedule.php","meta":{"_acf_changed":false,"_exactmetrics_skip_tracking":false,"_exactmetrics_sitenote_active":false,"_exactmetrics_sitenote_note":"","_exactmetrics_sitenote_category":0,"footnotes":""},"class_list":["post-11711","page","type-page","status-publish","has-post-thumbnail","hentry"],"acf":[],"_links":{"self":[{"href":"https:\/\/rendezvouscanada.ca\/fr\/wp-json\/wp\/v2\/pages\/11711","targetHints":{"allow":["GET"]}}],"collection":[{"href":"https:\/\/rendezvouscanada.ca\/fr\/wp-json\/wp\/v2\/pages"}],"about":[{"href":"https:\/\/rendezvouscanada.ca\/fr\/wp-json\/wp\/v2\/types\/page"}],"author":[{"embeddable":true,"href":"https:\/\/rendezvouscanada.ca\/fr\/wp-json\/wp\/v2\/users\/21"}],"replies":[{"embeddable":true,"href":"https:\/\/rendezvouscanada.ca\/fr\/wp-json\/wp\/v2\/comments?post=11711"}],"version-history":[{"count":0,"href":"https:\/\/rendezvouscanada.ca\/fr\/wp-json\/wp\/v2\/pages\/11711\/revisions"}],"wp:featuredmedia":[{"embeddable":true,"href":"https:\/\/rendezvouscanada.ca\/fr\/wp-json\/wp\/v2\/media\/22895"}],"wp:attachment":[{"href":"https:\/\/rendezvouscanada.ca\/fr\/wp-json\/wp\/v2\/media?parent=11711"}],"curies":[{"name":"wp","href":"https:\/\/api.w.org\/{rel}","templated":true}]}}